{"id":258809,"date":"2026-01-02T20:21:31","date_gmt":"2026-01-02T20:21:31","guid":{"rendered":"https:\/\/www.tap360.com.co\/?page_id=258809"},"modified":"2026-04-09T14:48:46","modified_gmt":"2026-04-09T14:48:46","slug":"nosotros","status":"publish","type":"page","link":"https:\/\/www.tap360.com.co\/en\/nosotros\/","title":{"rendered":"We"},"content":{"rendered":"<div data-elementor-type=\"wp-page\" data-elementor-id=\"258809\" class=\"elementor elementor-258809\" data-elementor-settings=\"{&quot;ha_cmc_init_switcher&quot;:&quot;no&quot;}\" data-elementor-post-type=\"page\">\n\t\t\t\t<div class=\"elementor-element elementor-element-4fdccc7 e-con-full e-flex e-con e-parent\" data-id=\"4fdccc7\" data-element_type=\"container\" data-e-type=\"container\" data-settings=\"{&quot;background_background&quot;:&quot;classic&quot;,&quot;_ha_eqh_enable&quot;:false}\">\n\t\t\t\t<\/div>\n\t\t<div class=\"elementor-element elementor-element-7c7f406 e-flex e-con-boxed e-con e-parent\" data-id=\"7c7f406\" data-element_type=\"container\" data-e-type=\"container\" data-settings=\"{&quot;_ha_eqh_enable&quot;:false}\">\n\t\t\t\t\t<div class=\"e-con-inner\">\n\t\t<div class=\"elementor-element elementor-element-a92349d e-con-full e-flex e-con e-child\" data-id=\"a92349d\" data-element_type=\"container\" data-e-type=\"container\" data-settings=\"{&quot;_ha_eqh_enable&quot;:false}\">\n\t\t\t\t<div class=\"elementor-element elementor-element-6876fc5 elementor-widget-mobile__width-inherit ha-has-bg-overlay elementor-widget elementor-widget-heading\" data-id=\"6876fc5\" data-element_type=\"widget\" data-e-type=\"widget\" data-widget_type=\"heading.default\">\n\t\t\t\t\t<h2 class=\"elementor-heading-title elementor-size-default\">\u00bfQui\u00e9nes somos?<\/h2>\t\t\t\t<\/div>\n\t\t\t\t<div class=\"elementor-element elementor-element-1744467 elementor-widget__width-initial elementor-widget elementor-widget-text-editor\" data-id=\"1744467\" data-element_type=\"widget\" data-e-type=\"widget\" data-widget_type=\"text-editor.default\">\n\t\t\t\t\t\t\t\t\t<p>Somos una firma de <strong>servicios profesionales<\/strong> conformada por un equipo de socios con amplia experiencia en los \u00e1mbitos contable, financiero, fiscal y de n\u00f3mina. En TAP 360 nacemos con el compromiso de aplicar <strong>est\u00e1ndares de excelencia y buenas pr\u00e1cticas<\/strong> que garanticen un servicio responsable, transparente y de alto nivel t\u00e9cnico.<\/p>\t\t\t\t\t\t\t\t<\/div>\n\t\t\t\t<div class=\"elementor-element elementor-element-caeb7bd elementor-widget__width-initial elementor-widget elementor-widget-text-editor\" data-id=\"caeb7bd\" data-element_type=\"widget\" data-e-type=\"widget\" data-widget_type=\"text-editor.default\">\n\t\t\t\t\t\t\t\t\t<p>Nuestro modelo operativo se basa en un esquema de <strong>Shared Services<\/strong>, que nos permite centralizar procesos, optimizar recursos y asegurar consistencia en cada entrega. A trav\u00e9s de <strong>metodolog\u00edas propias y un equipo experto<\/strong>, nos convertimos en la base operativa que respalda la gesti\u00f3n de las empresas, aportando soluciones integrales que fortalecen el control, el cumplimiento y la toma de decisiones.<\/p>\t\t\t\t\t\t\t\t<\/div>\n\t\t\t\t<\/div>\n\t\t\t\t\t<\/div>\n\t\t\t\t<\/div>\n\t\t<div class=\"elementor-element elementor-element-640b264 e-con-full e-flex e-con e-parent\" data-id=\"640b264\" data-element_type=\"container\" data-e-type=\"container\" data-settings=\"{&quot;background_background&quot;:&quot;classic&quot;,&quot;_ha_eqh_enable&quot;:false}\">\n\t\t\t\t<div class=\"elementor-element elementor-element-e7e35ae elementor-widget-mobile__width-inherit ha-has-bg-overlay elementor-widget elementor-widget-heading\" data-id=\"e7e35ae\" data-element_type=\"widget\" data-e-type=\"widget\" data-widget_type=\"heading.default\">\n\t\t\t\t\t<h2 class=\"elementor-heading-title elementor-size-default\">Nuestra Metodolog\u00eda TAP360<\/h2>\t\t\t\t<\/div>\n\t\t\t\t<div class=\"elementor-element elementor-element-046dec9 elementor-widget__width-initial elementor-widget-mobile__width-initial elementor-widget elementor-widget-text-editor\" data-id=\"046dec9\" data-element_type=\"widget\" data-e-type=\"widget\" data-widget_type=\"text-editor.default\">\n\t\t\t\t\t\t\t\t\t<p><span style=\"font-weight: 400;\">We operate under a structured five-stage methodology designed to ensure efficiency, traceability, control, and alignment with each client\u2019s real needs.<\/span><\/p>\t\t\t\t\t\t\t\t<\/div>\n\t\t\t\t<div class=\"elementor-element elementor-element-3e74bd9 elementor-widget__width-initial elementor-widget elementor-widget-ha-horizontal-timeline happy-addon ha-horizontal-timeline\" data-id=\"3e74bd9\" data-element_type=\"widget\" data-e-type=\"widget\" data-settings=\"{&quot;slides_to_show&quot;:&quot;3&quot;,&quot;slides_to_show_tablet&quot;:&quot;2&quot;,&quot;slides_to_show_mobile&quot;:&quot;1&quot;,&quot;animation_speed&quot;:800,&quot;loop&quot;:&quot;yes&quot;}\" data-widget_type=\"ha-horizontal-timeline.default\">\n\t\t\t\t\t\t\t<div class=\"ha-horizontal-timeline-wrapper ha-carousel\">\n\n\t\t\t\t\t\t\t<div class=\"ha-horizontal-timeline-block elementor-repeater-item-6df6feb\">\n\t\t\t\t\t<div class=\"ha-horizontal-timeline-icon-box\">\n\n\t\t\t\t\t\t<span class=\"ha-horizontal-timeline-date\"><\/span>\n\n\t\t\t\t\t\t<div class=\"ha-horizontal-timeline-top-inner\">\n\t\t\t\t\t\t\t\t\t\t\t\t\t\t\t<div class=\"ha-horizontal-timeline-icon\">\n\t\t\t\t\t\t\t\t\t<i aria-hidden=\"true\" class=\"huge huge-pay-by-check\"><\/i>\t\t\t\t\t\t\t\t<\/div>\n\t\t\t\t\t\t\t\t\t\t\t\t\t\t<div class=\"ha-horizontal-timeline-tree\"><\/div>\n\t\t\t\t\t\t<\/div>\n\t\t\t\t\t<\/div>\n\n\t\t\t\t\t<div class=\"ha-horizontal-timeline-content\">\n\n\t\t\t\t\t\t\t\t\t\t\t\t\t<div class=\"ha-horizontal-timeline-arrow\"><\/div>\n\t\t\t\t\t\t\n\t\t\t\t\t\t<div class=\"ha-horizontal-timeline-inner\">\n\t\t\t\t\t\t\t\t\t\t\t\t\t\t\t\t\t\t\t\t\t\t\t<div class=\"ha-horizontal-timeline-image\" >\n\t\t\t\t\t\t\t\t\t<img fetchpriority=\"high\" decoding=\"async\" width=\"300\" height=\"199\" src=\"https:\/\/www.tap360.com.co\/wp-content\/uploads\/2026\/02\/Gestion-de-Nomina-1-300x199.png\" class=\"attachment-medium size-medium wp-image-261948\" alt=\"\" srcset=\"https:\/\/www.tap360.com.co\/wp-content\/uploads\/2026\/02\/Gestion-de-Nomina-1-300x199.png 300w, https:\/\/www.tap360.com.co\/wp-content\/uploads\/2026\/02\/Gestion-de-Nomina-1-18x12.png 18w, https:\/\/www.tap360.com.co\/wp-content\/uploads\/2026\/02\/Gestion-de-Nomina-1.png 366w\" sizes=\"(max-width: 300px) 100vw, 300px\" \/>\t\t\t\t\t\t\t\t<\/div>\n\t\t\t\t\t\t\t\n\t\t\t\t\t\t\t<h2 class=\"ha-horizontal-timeline-title\">Payroll Management<\/h2>\n\t\t\t\t\t\t\t\n\t\t\t\t\t\t\t\t\t\t\t\t\t<\/div>\n\t\t\t\t\t<\/div>\n\t\t\t\t<\/div>\n\n\t\t\t\t\t\t\t<div class=\"ha-horizontal-timeline-block elementor-repeater-item-c64f774\">\n\t\t\t\t\t<div class=\"ha-horizontal-timeline-icon-box\">\n\n\t\t\t\t\t\t<span class=\"ha-horizontal-timeline-date\"><\/span>\n\n\t\t\t\t\t\t<div class=\"ha-horizontal-timeline-top-inner\">\n\t\t\t\t\t\t\t\t\t\t\t\t\t\t\t<div class=\"ha-horizontal-timeline-icon\">\n\t\t\t\t\t\t\t\t\t<i aria-hidden=\"true\" class=\"huge huge-waving-hand-02\"><\/i>\t\t\t\t\t\t\t\t<\/div>\n\t\t\t\t\t\t\t\t\t\t\t\t\t\t<div class=\"ha-horizontal-timeline-tree\"><\/div>\n\t\t\t\t\t\t<\/div>\n\t\t\t\t\t<\/div>\n\n\t\t\t\t\t<div class=\"ha-horizontal-timeline-content\">\n\n\t\t\t\t\t\t\t\t\t\t\t\t\t<div class=\"ha-horizontal-timeline-arrow\"><\/div>\n\t\t\t\t\t\t\n\t\t\t\t\t\t<div class=\"ha-horizontal-timeline-inner\">\n\t\t\t\t\t\t\t\t\t\t\t\t\t\t\t\t\t\t\t\t\t\t\t<div class=\"ha-horizontal-timeline-image\" >\n\t\t\t\t\t\t\t\t\t<img decoding=\"async\" width=\"300\" height=\"199\" src=\"https:\/\/www.tap360.com.co\/wp-content\/uploads\/2026\/02\/Acompanamiento-cercano-y-personalizado-1-300x199.png\" class=\"attachment-medium size-medium wp-image-261961\" alt=\"\" srcset=\"https:\/\/www.tap360.com.co\/wp-content\/uploads\/2026\/02\/Acompanamiento-cercano-y-personalizado-1-300x199.png 300w, https:\/\/www.tap360.com.co\/wp-content\/uploads\/2026\/02\/Acompanamiento-cercano-y-personalizado-1-18x12.png 18w, https:\/\/www.tap360.com.co\/wp-content\/uploads\/2026\/02\/Acompanamiento-cercano-y-personalizado-1.png 366w\" sizes=\"(max-width: 300px) 100vw, 300px\" \/>\t\t\t\t\t\t\t\t<\/div>\n\t\t\t\t\t\t\t\n\t\t\t\t\t\t\t<h2 class=\"ha-horizontal-timeline-title\"> Acompa\u00f1amiento cercano y personalizado<\/h2>\n\t\t\t\t\t\t\t\n\t\t\t\t\t\t\t\t\t\t\t\t\t<\/div>\n\t\t\t\t\t<\/div>\n\t\t\t\t<\/div>\n\n\t\t\t\t\t\t\t<div class=\"ha-horizontal-timeline-block elementor-repeater-item-ea3da53\">\n\t\t\t\t\t<div class=\"ha-horizontal-timeline-icon-box\">\n\n\t\t\t\t\t\t<span class=\"ha-horizontal-timeline-date\"><\/span>\n\n\t\t\t\t\t\t<div class=\"ha-horizontal-timeline-top-inner\">\n\t\t\t\t\t\t\t\t\t\t\t\t\t\t\t<div class=\"ha-horizontal-timeline-icon\">\n\t\t\t\t\t\t\t\t\t<i aria-hidden=\"true\" class=\"huge huge-laptop-phone-sync\"><\/i>\t\t\t\t\t\t\t\t<\/div>\n\t\t\t\t\t\t\t\t\t\t\t\t\t\t<div class=\"ha-horizontal-timeline-tree\"><\/div>\n\t\t\t\t\t\t<\/div>\n\t\t\t\t\t<\/div>\n\n\t\t\t\t\t<div class=\"ha-horizontal-timeline-content\">\n\n\t\t\t\t\t\t\t\t\t\t\t\t\t<div class=\"ha-horizontal-timeline-arrow\"><\/div>\n\t\t\t\t\t\t\n\t\t\t\t\t\t<div class=\"ha-horizontal-timeline-inner\">\n\t\t\t\t\t\t\t\t\t\t\t\t\t\t\t\t\t\t\t\t\t\t\t<div class=\"ha-horizontal-timeline-image\" >\n\t\t\t\t\t\t\t\t\t<img decoding=\"async\" width=\"300\" height=\"199\" src=\"https:\/\/www.tap360.com.co\/wp-content\/uploads\/2026\/02\/Transparencia-en-cada-proceso-1-300x199.png\" class=\"attachment-medium size-medium wp-image-261962\" alt=\"\" srcset=\"https:\/\/www.tap360.com.co\/wp-content\/uploads\/2026\/02\/Transparencia-en-cada-proceso-1-300x199.png 300w, https:\/\/www.tap360.com.co\/wp-content\/uploads\/2026\/02\/Transparencia-en-cada-proceso-1-18x12.png 18w, https:\/\/www.tap360.com.co\/wp-content\/uploads\/2026\/02\/Transparencia-en-cada-proceso-1.png 366w\" sizes=\"(max-width: 300px) 100vw, 300px\" \/>\t\t\t\t\t\t\t\t<\/div>\n\t\t\t\t\t\t\t\n\t\t\t\t\t\t\t<h2 class=\"ha-horizontal-timeline-title\"> Transparencia en cada proceso<\/h2>\n\t\t\t\t\t\t\t\n\t\t\t\t\t\t\t\t\t\t\t\t\t<\/div>\n\t\t\t\t\t<\/div>\n\t\t\t\t<\/div>\n\n\t\t\t\t\t\t\t<div class=\"ha-horizontal-timeline-block elementor-repeater-item-e2c6fc7\">\n\t\t\t\t\t<div class=\"ha-horizontal-timeline-icon-box\">\n\n\t\t\t\t\t\t<span class=\"ha-horizontal-timeline-date\"><\/span>\n\n\t\t\t\t\t\t<div class=\"ha-horizontal-timeline-top-inner\">\n\t\t\t\t\t\t\t\t\t\t\t\t\t\t\t<div class=\"ha-horizontal-timeline-icon\">\n\t\t\t\t\t\t\t\t\t<svg aria-hidden=\"true\" class=\"e-font-icon-svg e-far-address-book\" viewbox=\"0 0 448 512\" xmlns=\"http:\/\/www.w3.org\/2000\/svg\"><path d=\"M436 160c6.6 0 12-5.4 12-12v-40c0-6.6-5.4-12-12-12h-20V48c0-26.5-21.5-48-48-48H48C21.5 0 0 21.5 0 48v416c0 26.5 21.5 48 48 48h320c26.5 0 48-21.5 48-48v-48h20c6.6 0 12-5.4 12-12v-40c0-6.6-5.4-12-12-12h-20v-64h20c6.6 0 12-5.4 12-12v-40c0-6.6-5.4-12-12-12h-20v-64h20zm-68 304H48V48h320v416zM208 256c35.3 0 64-28.7 64-64s-28.7-64-64-64-64 28.7-64 64 28.7 64 64 64zm-89.6 128h179.2c12.4 0 22.4-8.6 22.4-19.2v-19.2c0-31.8-30.1-57.6-67.2-57.6-10.8 0-18.7 8-44.8 8-26.9 0-33.4-8-44.8-8-37.1 0-67.2 25.8-67.2 57.6v19.2c0 10.6 10 19.2 22.4 19.2z\"><\/path><\/svg>\t\t\t\t\t\t\t\t<\/div>\n\t\t\t\t\t\t\t\t\t\t\t\t\t\t<div class=\"ha-horizontal-timeline-tree\"><\/div>\n\t\t\t\t\t\t<\/div>\n\t\t\t\t\t<\/div>\n\n\t\t\t\t\t<div class=\"ha-horizontal-timeline-content\">\n\n\t\t\t\t\t\t\t\t\t\t\t\t\t<div class=\"ha-horizontal-timeline-arrow\"><\/div>\n\t\t\t\t\t\t\n\t\t\t\t\t\t<div class=\"ha-horizontal-timeline-inner\">\n\t\t\t\t\t\t\t\t\t\t\t\t\t\t\t\t\t\t\t\t\t\t\t<div class=\"ha-horizontal-timeline-image\" >\n\t\t\t\t\t\t\t\t\t<img loading=\"lazy\" decoding=\"async\" width=\"300\" height=\"199\" src=\"https:\/\/www.tap360.com.co\/wp-content\/uploads\/2026\/02\/Rigor-tecnico-y-cumplimiento-normativo-1-300x199.png\" class=\"attachment-medium size-medium wp-image-261963\" alt=\"\" srcset=\"https:\/\/www.tap360.com.co\/wp-content\/uploads\/2026\/02\/Rigor-tecnico-y-cumplimiento-normativo-1-300x199.png 300w, https:\/\/www.tap360.com.co\/wp-content\/uploads\/2026\/02\/Rigor-tecnico-y-cumplimiento-normativo-1-18x12.png 18w, https:\/\/www.tap360.com.co\/wp-content\/uploads\/2026\/02\/Rigor-tecnico-y-cumplimiento-normativo-1.png 366w\" sizes=\"(max-width: 300px) 100vw, 300px\" \/>\t\t\t\t\t\t\t\t<\/div>\n\t\t\t\t\t\t\t\n\t\t\t\t\t\t\t<h2 class=\"ha-horizontal-timeline-title\">Rigor t\u00e9cnico y cumplimiento normativo<\/h2>\n\t\t\t\t\t\t\t\n\t\t\t\t\t\t\t\t\t\t\t\t\t<\/div>\n\t\t\t\t\t<\/div>\n\t\t\t\t<\/div>\n\n\t\t\t\t\t\t\t<div class=\"ha-horizontal-timeline-block elementor-repeater-item-d4eb7ab\">\n\t\t\t\t\t<div class=\"ha-horizontal-timeline-icon-box\">\n\n\t\t\t\t\t\t<span class=\"ha-horizontal-timeline-date\"><\/span>\n\n\t\t\t\t\t\t<div class=\"ha-horizontal-timeline-top-inner\">\n\t\t\t\t\t\t\t\t\t\t\t\t\t\t\t<div class=\"ha-horizontal-timeline-icon\">\n\t\t\t\t\t\t\t\t\t<i aria-hidden=\"true\" class=\"huge huge-hierarchy-square-02\"><\/i>\t\t\t\t\t\t\t\t<\/div>\n\t\t\t\t\t\t\t\t\t\t\t\t\t\t<div class=\"ha-horizontal-timeline-tree\"><\/div>\n\t\t\t\t\t\t<\/div>\n\t\t\t\t\t<\/div>\n\n\t\t\t\t\t<div class=\"ha-horizontal-timeline-content\">\n\n\t\t\t\t\t\t\t\t\t\t\t\t\t<div class=\"ha-horizontal-timeline-arrow\"><\/div>\n\t\t\t\t\t\t\n\t\t\t\t\t\t<div class=\"ha-horizontal-timeline-inner\">\n\t\t\t\t\t\t\t\t\t\t\t\t\t\t\t\t\t\t\t\t\t\t\t<div class=\"ha-horizontal-timeline-image\" >\n\t\t\t\t\t\t\t\t\t<img loading=\"lazy\" decoding=\"async\" width=\"300\" height=\"199\" src=\"https:\/\/www.tap360.com.co\/wp-content\/uploads\/2026\/02\/Informacion-clara-para-la-toma-de-decisiones-1-300x199.png\" class=\"attachment-medium size-medium wp-image-261964\" alt=\"\" srcset=\"https:\/\/www.tap360.com.co\/wp-content\/uploads\/2026\/02\/Informacion-clara-para-la-toma-de-decisiones-1-300x199.png 300w, https:\/\/www.tap360.com.co\/wp-content\/uploads\/2026\/02\/Informacion-clara-para-la-toma-de-decisiones-1-18x12.png 18w, https:\/\/www.tap360.com.co\/wp-content\/uploads\/2026\/02\/Informacion-clara-para-la-toma-de-decisiones-1.png 366w\" sizes=\"(max-width: 300px) 100vw, 300px\" \/>\t\t\t\t\t\t\t\t<\/div>\n\t\t\t\t\t\t\t\n\t\t\t\t\t\t\t<h2 class=\"ha-horizontal-timeline-title\">Informaci\u00f3n clara para la toma de decisiones<\/h2>\n\t\t\t\t\t\t\t\n\t\t\t\t\t\t\t\t\t\t\t\t\t<\/div>\n\t\t\t\t\t<\/div>\n\t\t\t\t<\/div>\n\n\t\t\t\t\t\t\t<div class=\"ha-horizontal-timeline-block elementor-repeater-item-f6f741a\">\n\t\t\t\t\t<div class=\"ha-horizontal-timeline-icon-box\">\n\n\t\t\t\t\t\t<span class=\"ha-horizontal-timeline-date\"><\/span>\n\n\t\t\t\t\t\t<div class=\"ha-horizontal-timeline-top-inner\">\n\t\t\t\t\t\t\t\t\t\t\t\t\t\t\t<div class=\"ha-horizontal-timeline-icon\">\n\t\t\t\t\t\t\t\t\t<svg aria-hidden=\"true\" class=\"e-font-icon-svg e-far-check-circle\" viewbox=\"0 0 512 512\" xmlns=\"http:\/\/www.w3.org\/2000\/svg\"><path d=\"M256 8C119.033 8 8 119.033 8 256s111.033 248 248 248 248-111.033 248-248S392.967 8 256 8zm0 48c110.532 0 200 89.451 200 200 0 110.532-89.451 200-200 200-110.532 0-200-89.451-200-200 0-110.532 89.451-200 200-200m140.204 130.267l-22.536-22.718c-4.667-4.705-12.265-4.736-16.97-.068L215.346 303.697l-59.792-60.277c-4.667-4.705-12.265-4.736-16.97-.069l-22.719 22.536c-4.705 4.667-4.736 12.265-.068 16.971l90.781 91.516c4.667 4.705 12.265 4.736 16.97.068l172.589-171.204c4.704-4.668 4.734-12.266.067-16.971z\"><\/path><\/svg>\t\t\t\t\t\t\t\t<\/div>\n\t\t\t\t\t\t\t\t\t\t\t\t\t\t<div class=\"ha-horizontal-timeline-tree\"><\/div>\n\t\t\t\t\t\t<\/div>\n\t\t\t\t\t<\/div>\n\n\t\t\t\t\t<div class=\"ha-horizontal-timeline-content\">\n\n\t\t\t\t\t\t\t\t\t\t\t\t\t<div class=\"ha-horizontal-timeline-arrow\"><\/div>\n\t\t\t\t\t\t\n\t\t\t\t\t\t<div class=\"ha-horizontal-timeline-inner\">\n\t\t\t\t\t\t\t\t\t\t\t\t\t\t\t\t\t\t\t\t\t\t\t<div class=\"ha-horizontal-timeline-image\" >\n\t\t\t\t\t\t\t\t\t<img loading=\"lazy\" decoding=\"async\" width=\"300\" height=\"199\" src=\"https:\/\/www.tap360.com.co\/wp-content\/uploads\/2026\/02\/Soluciones-adaptadas-a-cada-empresa-1-300x199.png\" class=\"attachment-medium size-medium wp-image-261965\" alt=\"\" srcset=\"https:\/\/www.tap360.com.co\/wp-content\/uploads\/2026\/02\/Soluciones-adaptadas-a-cada-empresa-1-300x199.png 300w, https:\/\/www.tap360.com.co\/wp-content\/uploads\/2026\/02\/Soluciones-adaptadas-a-cada-empresa-1-18x12.png 18w, https:\/\/www.tap360.com.co\/wp-content\/uploads\/2026\/02\/Soluciones-adaptadas-a-cada-empresa-1.png 366w\" sizes=\"(max-width: 300px) 100vw, 300px\" \/>\t\t\t\t\t\t\t\t<\/div>\n\t\t\t\t\t\t\t\n\t\t\t\t\t\t\t<h2 class=\"ha-horizontal-timeline-title\">Soluciones adaptadas a cada empresa<\/h2>\n\t\t\t\t\t\t\t\n\t\t\t\t\t\t\t\t\t\t\t\t\t<\/div>\n\t\t\t\t\t<\/div>\n\t\t\t\t<\/div>\n\n\t\t\t\n\t\t<\/div>\n\n\t\t\t\t\t<button type=\"button\" class=\"slick-prev\"><svg aria-hidden=\"true\" class=\"e-font-icon-svg e-fas-chevron-left\" viewbox=\"0 0 320 512\" xmlns=\"http:\/\/www.w3.org\/2000\/svg\"><path d=\"M34.52 239.03L228.87 44.69c9.37-9.37 24.57-9.37 33.94 0l22.67 22.67c9.36 9.36 9.37 24.52.04 33.9L131.49 256l154.02 154.75c9.34 9.38 9.32 24.54-.04 33.9l-22.67 22.67c-9.37 9.37-24.57 9.37-33.94 0L34.52 272.97c-9.37-9.37-9.37-24.57 0-33.94z\"><\/path><\/svg><\/button>\n\t\t\n\t\t\t\t\t<button type=\"button\" class=\"slick-next\"><svg aria-hidden=\"true\" class=\"e-font-icon-svg e-fas-chevron-right\" viewbox=\"0 0 320 512\" xmlns=\"http:\/\/www.w3.org\/2000\/svg\"><path d=\"M285.476 272.971L91.132 467.314c-9.373 9.373-24.569 9.373-33.941 0l-22.667-22.667c-9.357-9.357-9.375-24.522-.04-33.901L188.505 256 34.484 101.255c-9.335-9.379-9.317-24.544.04-33.901l22.667-22.667c9.373-9.373 24.569-9.373 33.941 0L285.475 239.03c9.373 9.372 9.373 24.568.001 33.941z\"><\/path><\/svg><\/button>\n\t\t\n\t\t\t\t\t\t<\/div>\n\t\t\t\t<\/div>\n\t\t<div class=\"elementor-element elementor-element-a5c26fa e-flex e-con-boxed e-con e-parent\" data-id=\"a5c26fa\" data-element_type=\"container\" data-e-type=\"container\" data-settings=\"{&quot;_ha_eqh_enable&quot;:false}\">\n\t\t\t\t\t<div class=\"e-con-inner\">\n\t\t\t\t<div class=\"elementor-element elementor-element-d1f90a5 elementor-widget-mobile__width-initial elementor-widget elementor-widget-heading\" data-id=\"d1f90a5\" data-element_type=\"widget\" data-e-type=\"widget\" data-widget_type=\"heading.default\">\n\t\t\t\t\t<h1 class=\"elementor-heading-title elementor-size-default\">Our Team<\/h1>\t\t\t\t<\/div>\n\t\t<div class=\"elementor-element elementor-element-d711926 e-con-full e-flex e-con e-child\" data-id=\"d711926\" data-element_type=\"container\" data-e-type=\"container\" data-settings=\"{&quot;_ha_eqh_enable&quot;:false}\">\n\t\t\t\t<div class=\"elementor-element elementor-element-fe0d1c6 elementor-widget__width-initial elementor-flip-box--effect-flip elementor-flip-box--direction-up elementor-widget elementor-widget-flip-box\" data-id=\"fe0d1c6\" data-element_type=\"widget\" data-e-type=\"widget\" data-widget_type=\"flip-box.default\">\n\t\t\t\t\t\t\t<div class=\"elementor-flip-box\" tabindex=\"0\">\n\t\t\t<div class=\"elementor-flip-box__layer elementor-flip-box__front\">\n\t\t\t\t<div class=\"elementor-flip-box__layer__overlay\">\n\t\t\t\t\t<div class=\"elementor-flip-box__layer__inner\">\n\t\t\t\t\t\t\t\t\t\t\t\t\t<div class=\"elementor-flip-box__image\">\n\t\t\t\t\t\t\t\t<img loading=\"lazy\" decoding=\"async\" width=\"346\" height=\"378\" src=\"https:\/\/www.tap360.com.co\/wp-content\/uploads\/2026\/01\/Frame-3-e1769516798143.png\" class=\"attachment-large size-large wp-image-260694\" alt=\"\" srcset=\"https:\/\/www.tap360.com.co\/wp-content\/uploads\/2026\/01\/Frame-3-e1769516798143.png 346w, https:\/\/www.tap360.com.co\/wp-content\/uploads\/2026\/01\/Frame-3-e1769516798143-275x300.png 275w, https:\/\/www.tap360.com.co\/wp-content\/uploads\/2026\/01\/Frame-3-e1769516798143-11x12.png 11w\" sizes=\"(max-width: 346px) 100vw, 346px\" \/>\t\t\t\t\t\t\t<\/div>\n\t\t\t\t\t\t\n\t\t\t\t\t\t\t\t\t\t\t\t\t<h3 class=\"elementor-flip-box__layer__title\">\n\t\t\t\t\t\t\t\tJohn Boh\u00f3rquez\t\t\t\t\t\t\t<\/h3>\n\t\t\t\t\t\t\n\t\t\t\t\t\t\t\t\t\t\t\t\t<div class=\"elementor-flip-box__layer__description\">\n\t\t\t\t\t\t\t\tAccounting &amp; Advisory Tapper Partner\t\t\t\t\t\t\t<\/div>\n\t\t\t\t\t\t\t\t\t\t\t<\/div>\n\t\t\t\t<\/div>\n\t\t\t<\/div>\n\t\t\t<div class=\"elementor-flip-box__layer elementor-flip-box__back\">\n\t\t\t<div class=\"elementor-flip-box__layer__overlay\">\n\t\t\t\t<div class=\"elementor-flip-box__layer__inner\">\n\t\t\t\t\t\n\t\t\t\t\t\t\t\t\t\t\t<div class=\"elementor-flip-box__layer__description\">\n\t\t\t\t\t\t\tCertified Public Accountant and Specialist in Audit and Control, with over 15 years of experience in accounting and financial outsourcing, internal control, and asset management. He has held leadership roles in national and international firms such as Forvis Mazars and KPMG Colombia, participating in international regulatory framework implementations and technical advisory projects across multiple industries.\t\t\t\t\t\t<\/div>\n\t\t\t\t\t\n\t\t\t\t\t\t\t\t\t\t\t<a class=\"elementor-flip-box__button elementor-button elementor-size-sm\" href=\"https:\/\/www.tap360.com.co\/en\/tarjeta-de-presentacion-john-bohorquez\/\">\n\t\t\t\t\t\t\tContact\t\t\t\t\t\t<\/a>\n\t\t\t\t\t\t\t\t<\/div>\n\t\t<\/div>\n\t\t<\/div>\n\t\t<\/div>\n\t\t\t\t\t\t<\/div>\n\t\t\t\t<div class=\"elementor-element elementor-element-6c112c3 elementor-widget__width-initial elementor-flip-box--effect-flip elementor-flip-box--direction-up elementor-widget elementor-widget-flip-box\" data-id=\"6c112c3\" data-element_type=\"widget\" data-e-type=\"widget\" data-widget_type=\"flip-box.default\">\n\t\t\t\t\t\t\t<div class=\"elementor-flip-box\" tabindex=\"0\">\n\t\t\t<div class=\"elementor-flip-box__layer elementor-flip-box__front\">\n\t\t\t\t<div class=\"elementor-flip-box__layer__overlay\">\n\t\t\t\t\t<div class=\"elementor-flip-box__layer__inner\">\n\t\t\t\t\t\t\t\t\t\t\t\t\t<div class=\"elementor-flip-box__image\">\n\t\t\t\t\t\t\t\t<img loading=\"lazy\" decoding=\"async\" width=\"346\" height=\"375\" src=\"https:\/\/www.tap360.com.co\/wp-content\/uploads\/2026\/01\/Recurso-100-1.png\" class=\"attachment-large size-large wp-image-260693\" alt=\"\" srcset=\"https:\/\/www.tap360.com.co\/wp-content\/uploads\/2026\/01\/Recurso-100-1.png 346w, https:\/\/www.tap360.com.co\/wp-content\/uploads\/2026\/01\/Recurso-100-1-277x300.png 277w, https:\/\/www.tap360.com.co\/wp-content\/uploads\/2026\/01\/Recurso-100-1-11x12.png 11w\" sizes=\"(max-width: 346px) 100vw, 346px\" \/>\t\t\t\t\t\t\t<\/div>\n\t\t\t\t\t\t\n\t\t\t\t\t\t\t\t\t\t\t\t\t<h3 class=\"elementor-flip-box__layer__title\">\n\t\t\t\t\t\t\t\tAndr\u00e9s L\u00f3pez\t\t\t\t\t\t\t<\/h3>\n\t\t\t\t\t\t\n\t\t\t\t\t\t\t\t\t\t\t\t\t<div class=\"elementor-flip-box__layer__description\">\n\t\t\t\t\t\t\t\tTax &amp; Payroll Tapper Partner\t\t\t\t\t\t\t<\/div>\n\t\t\t\t\t\t\t\t\t\t\t<\/div>\n\t\t\t\t<\/div>\n\t\t\t<\/div>\n\t\t\t<div class=\"elementor-flip-box__layer elementor-flip-box__back\">\n\t\t\t<div class=\"elementor-flip-box__layer__overlay\">\n\t\t\t\t<div class=\"elementor-flip-box__layer__inner\">\n\t\t\t\t\t\n\t\t\t\t\t\t\t\t\t\t\t<div class=\"elementor-flip-box__layer__description\">\n\t\t\t\t\t\t\tCertified Public Accountant and Specialist in Tax Sciences, with extensive experience in tax compliance, BPO processes, operational automation, and strengthening accounting models. He has led financial structures and teams within professional services firms, supporting organizations in optimization, control, and IFRS adoption processes.\t\t\t\t\t\t<\/div>\n\t\t\t\t\t\n\t\t\t\t\t\t\t\t\t\t\t<a class=\"elementor-flip-box__button elementor-button elementor-size-sm\" href=\"https:\/\/www.tap360.com.co\/en\/tarjeta-de-presentacion-noel-andres-lopez\/\">\n\t\t\t\t\t\t\tContact\t\t\t\t\t\t<\/a>\n\t\t\t\t\t\t\t\t<\/div>\n\t\t<\/div>\n\t\t<\/div>\n\t\t<\/div>\n\t\t\t\t\t\t<\/div>\n\t\t\t\t<\/div>\n\t\t\t\t\t<\/div>\n\t\t\t\t<\/div>\n\t\t<div class=\"elementor-element elementor-element-5c995f9 e-con-full e-flex e-con e-parent\" data-id=\"5c995f9\" data-element_type=\"container\" data-e-type=\"container\" data-settings=\"{&quot;background_background&quot;:&quot;classic&quot;,&quot;_ha_eqh_enable&quot;:false}\">\n\t\t<div class=\"elementor-element elementor-element-24a5cc8 e-con-full e-flex e-con e-child\" data-id=\"24a5cc8\" data-element_type=\"container\" data-e-type=\"container\" data-settings=\"{&quot;background_background&quot;:&quot;classic&quot;,&quot;_ha_eqh_enable&quot;:false}\">\n\t\t\t\t<div class=\"elementor-element elementor-element-78fb3e5 elementor-widget elementor-widget-heading\" data-id=\"78fb3e5\" data-element_type=\"widget\" data-e-type=\"widget\" data-widget_type=\"heading.default\">\n\t\t\t\t\t<h2 class=\"elementor-heading-title elementor-size-default\">Expertos que ejecutan, procesos que funcionan, gesti\u00f3n que avanza.<\/h2>\t\t\t\t<\/div>\n\t\t<div class=\"elementor-element elementor-element-759bd93 e-con-full e-flex e-con e-child\" data-id=\"759bd93\" data-element_type=\"container\" data-e-type=\"container\" data-settings=\"{&quot;_ha_eqh_enable&quot;:false}\">\n\t\t\t\t<div class=\"elementor-element elementor-element-ab64394 elementor-widget elementor-widget-button\" data-id=\"ab64394\" data-element_type=\"widget\" data-e-type=\"widget\" data-widget_type=\"button.default\">\n\t\t\t\t\t\t\t\t\t\t<a class=\"elementor-button elementor-button-link elementor-size-sm\" href=\"https:\/\/www.tap360.com.co\/en\/contacto\/\">\n\t\t\t\t\t\t<span class=\"elementor-button-content-wrapper\">\n\t\t\t\t\t\t\t\t\t<span class=\"elementor-button-text\">Agenda una asesor\u00eda con nuestro equipo<\/span>\n\t\t\t\t\t<\/span>\n\t\t\t\t\t<\/a>\n\t\t\t\t\t\t\t\t<\/div>\n\t\t\t\t<\/div>\n\t\t\t\t<\/div>\n\t\t\t\t<\/div>\n\t\t\t\t<\/div>","protected":false},"excerpt":{"rendered":"<p>\u00bfQui\u00e9nes somos? Somos una firma de servicios profesionales conformada por un equipo de socios con amplia experiencia en los \u00e1mbitos contable, financiero, fiscal y de n\u00f3mina. En TAP 360 nacemos con el compromiso de aplicar est\u00e1ndares de excelencia y buenas pr\u00e1cticas que garanticen un servicio responsable, transparente y de alto nivel t\u00e9cnico. Nuestro modelo operativo [&hellip;]<\/p>","protected":false},"author":1,"featured_media":0,"parent":0,"menu_order":0,"comment_status":"closed","ping_status":"closed","template":"","meta":{"footnotes":""},"class_list":["post-258809","page","type-page","status-publish","hentry"],"_links":{"self":[{"href":"https:\/\/www.tap360.com.co\/en\/wp-json\/wp\/v2\/pages\/258809","targetHints":{"allow":["GET"]}}],"collection":[{"href":"https:\/\/www.tap360.com.co\/en\/wp-json\/wp\/v2\/pages"}],"about":[{"href":"https:\/\/www.tap360.com.co\/en\/wp-json\/wp\/v2\/types\/page"}],"author":[{"embeddable":true,"href":"https:\/\/www.tap360.com.co\/en\/wp-json\/wp\/v2\/users\/1"}],"replies":[{"embeddable":true,"href":"https:\/\/www.tap360.com.co\/en\/wp-json\/wp\/v2\/comments?post=258809"}],"version-history":[{"count":538,"href":"https:\/\/www.tap360.com.co\/en\/wp-json\/wp\/v2\/pages\/258809\/revisions"}],"predecessor-version":[{"id":262410,"href":"https:\/\/www.tap360.com.co\/en\/wp-json\/wp\/v2\/pages\/258809\/revisions\/262410"}],"wp:attachment":[{"href":"https:\/\/www.tap360.com.co\/en\/wp-json\/wp\/v2\/media?parent=258809"}],"curies":[{"name":"wp","href":"https:\/\/api.w.org\/{rel}","templated":true}]}}