{"id":259025,"date":"2026-01-09T20:21:15","date_gmt":"2026-01-09T20:21:15","guid":{"rendered":"https:\/\/www.tap360.com.co\/?page_id=259025"},"modified":"2026-04-09T21:51:24","modified_gmt":"2026-04-09T21:51:24","slug":"contacto","status":"publish","type":"page","link":"https:\/\/www.tap360.com.co\/en\/contacto\/","title":{"rendered":"Contact"},"content":{"rendered":"<div data-elementor-type=\"wp-page\" data-elementor-id=\"259025\" class=\"elementor elementor-259025\" data-elementor-settings=\"{&quot;ha_cmc_init_switcher&quot;:&quot;no&quot;}\" data-elementor-post-type=\"page\">\n\t\t\t\t<div class=\"elementor-element elementor-element-77aeeda e-con-full e-flex e-con e-parent\" data-id=\"77aeeda\" data-element_type=\"container\" data-e-type=\"container\" data-settings=\"{&quot;background_background&quot;:&quot;classic&quot;,&quot;_ha_eqh_enable&quot;:false}\">\n\t\t<div class=\"elementor-element elementor-element-92c18e4 e-flex e-con-boxed e-con e-child\" data-id=\"92c18e4\" data-element_type=\"container\" data-e-type=\"container\" data-settings=\"{&quot;background_background&quot;:&quot;classic&quot;,&quot;_ha_eqh_enable&quot;:false}\">\n\t\t\t\t\t<div class=\"e-con-inner\">\n\t\t<div class=\"elementor-element elementor-element-75f8723 e-con-full e-flex e-con e-child\" data-id=\"75f8723\" data-element_type=\"container\" data-e-type=\"container\" data-settings=\"{&quot;background_background&quot;:&quot;classic&quot;,&quot;_ha_eqh_enable&quot;:false}\">\n\t\t\t\t<div class=\"elementor-element elementor-element-f7a3b62 elementor-widget elementor-widget-heading\" data-id=\"f7a3b62\" data-element_type=\"widget\" data-e-type=\"widget\" data-widget_type=\"heading.default\">\n\t\t\t\t\t<h2 class=\"elementor-heading-title elementor-size-default\">Contact<\/h2>\t\t\t\t<\/div>\n\t\t\t\t<\/div>\n\t\t\t\t\t<\/div>\n\t\t\t\t<\/div>\n\t\t\t\t<\/div>\n\t\t<div class=\"elementor-element elementor-element-e532585 e-con-full e-flex e-con e-parent\" data-id=\"e532585\" data-element_type=\"container\" data-e-type=\"container\" data-settings=\"{&quot;_ha_eqh_enable&quot;:false}\">\n\t\t<div class=\"elementor-element elementor-element-6ca0c3d e-grid e-con-full e-con e-child\" data-id=\"6ca0c3d\" data-element_type=\"container\" data-e-type=\"container\" data-settings=\"{&quot;_ha_eqh_enable&quot;:false}\">\n\t\t<div class=\"elementor-element elementor-element-2b9df8a e-con-full e-flex e-con e-child\" data-id=\"2b9df8a\" data-element_type=\"container\" data-e-type=\"container\" data-settings=\"{&quot;_ha_eqh_enable&quot;:false}\">\n\t\t\t\t<div class=\"elementor-element elementor-element-995ff81 elementor-widget elementor-widget-heading\" data-id=\"995ff81\" data-element_type=\"widget\" data-e-type=\"widget\" data-widget_type=\"heading.default\">\n\t\t\t\t\t<h2 class=\"elementor-heading-title elementor-size-default\">Let\u2019s talk about business support<\/h2>\t\t\t\t<\/div>\n\t\t\t\t<div class=\"elementor-element elementor-element-b517f08 elementor-widget__width-initial elementor-widget elementor-widget-text-editor\" data-id=\"b517f08\" data-element_type=\"widget\" data-e-type=\"widget\" data-widget_type=\"text-editor.default\">\n\t\t\t\t\t\t\t\t\t<p><span style=\"font-weight: 400;\">At TAP 360, we are ready to support your company with accounting, financial, tax, and payroll solutions designed to strengthen your processes and provide reliable information for decision-making.<\/span><\/p><p><span style=\"font-weight: 400;\">Leave your details and one of our consultants will get in touch with you to understand your needs and propose a service model aligned with your organization\u2019s reality.<\/span><\/p>\t\t\t\t\t\t\t\t<\/div>\n\t\t<div class=\"elementor-element elementor-element-09011fc e-con-full e-flex e-con e-child\" data-id=\"09011fc\" data-element_type=\"container\" data-e-type=\"container\" data-settings=\"{&quot;_ha_eqh_enable&quot;:false}\">\n\t\t\t\t<div class=\"elementor-element elementor-element-770cff5 elementor-position-left elementor-vertical-align-middle elementor-position-left elementor-vertical-align-middle elementor-widget elementor-widget-image-box\" data-id=\"770cff5\" data-element_type=\"widget\" data-e-type=\"widget\" data-widget_type=\"image-box.default\">\n\t\t\t\t\t<div class=\"elementor-image-box-wrapper\"><figure class=\"elementor-image-box-img\"><img fetchpriority=\"high\" decoding=\"async\" width=\"498\" height=\"498\" src=\"https:\/\/www.tap360.com.co\/wp-content\/uploads\/2026\/01\/Icono_direecion.webp\" class=\"attachment-full size-full wp-image-259184\" alt=\"\" srcset=\"https:\/\/www.tap360.com.co\/wp-content\/uploads\/2026\/01\/Icono_direecion.webp 498w, https:\/\/www.tap360.com.co\/wp-content\/uploads\/2026\/01\/Icono_direecion-300x300.webp 300w, https:\/\/www.tap360.com.co\/wp-content\/uploads\/2026\/01\/Icono_direecion-150x150.webp 150w, https:\/\/www.tap360.com.co\/wp-content\/uploads\/2026\/01\/Icono_direecion-12x12.webp 12w\" sizes=\"(max-width: 498px) 100vw, 498px\" \/><\/figure><div class=\"elementor-image-box-content\"><p class=\"elementor-image-box-description\"><b>Address<\/b> <br>Calle 69A No 88A 32<\/p><\/div><\/div>\t\t\t\t<\/div>\n\t\t\t\t<div class=\"elementor-element elementor-element-e455d23 elementor-position-left elementor-vertical-align-middle elementor-position-left elementor-vertical-align-middle elementor-widget elementor-widget-image-box\" data-id=\"e455d23\" data-element_type=\"widget\" data-e-type=\"widget\" data-widget_type=\"image-box.default\">\n\t\t\t\t\t<div class=\"elementor-image-box-wrapper\"><figure class=\"elementor-image-box-img\"><img decoding=\"async\" width=\"498\" height=\"498\" src=\"https:\/\/www.tap360.com.co\/wp-content\/uploads\/2026\/01\/Icono_telefono.webp\" class=\"attachment-full size-full wp-image-259185\" alt=\"\" srcset=\"https:\/\/www.tap360.com.co\/wp-content\/uploads\/2026\/01\/Icono_telefono.webp 498w, https:\/\/www.tap360.com.co\/wp-content\/uploads\/2026\/01\/Icono_telefono-300x300.webp 300w, https:\/\/www.tap360.com.co\/wp-content\/uploads\/2026\/01\/Icono_telefono-150x150.webp 150w, https:\/\/www.tap360.com.co\/wp-content\/uploads\/2026\/01\/Icono_telefono-12x12.webp 12w\" sizes=\"(max-width: 498px) 100vw, 498px\" \/><\/figure><div class=\"elementor-image-box-content\"><p class=\"elementor-image-box-description\"><b>Phone<\/b> <br>+57 318 6551754<\/p><\/div><\/div>\t\t\t\t<\/div>\n\t\t\t\t<div class=\"elementor-element elementor-element-e90fa55 elementor-position-left elementor-vertical-align-middle elementor-position-left elementor-vertical-align-middle elementor-widget elementor-widget-image-box\" data-id=\"e90fa55\" data-element_type=\"widget\" data-e-type=\"widget\" data-widget_type=\"image-box.default\">\n\t\t\t\t\t<div class=\"elementor-image-box-wrapper\"><figure class=\"elementor-image-box-img\"><img decoding=\"async\" width=\"498\" height=\"497\" src=\"https:\/\/www.tap360.com.co\/wp-content\/uploads\/2026\/01\/Icono_correo.webp\" class=\"attachment-full size-full wp-image-259186\" alt=\"\" srcset=\"https:\/\/www.tap360.com.co\/wp-content\/uploads\/2026\/01\/Icono_correo.webp 498w, https:\/\/www.tap360.com.co\/wp-content\/uploads\/2026\/01\/Icono_correo-300x300.webp 300w, https:\/\/www.tap360.com.co\/wp-content\/uploads\/2026\/01\/Icono_correo-150x150.webp 150w, https:\/\/www.tap360.com.co\/wp-content\/uploads\/2026\/01\/Icono_correo-12x12.webp 12w\" sizes=\"(max-width: 498px) 100vw, 498px\" \/><\/figure><div class=\"elementor-image-box-content\"><p class=\"elementor-image-box-description\"><b>Mail<\/b> <br>info@tap360.com.co<\/p><\/div><\/div>\t\t\t\t<\/div>\n\t\t\t\t<div class=\"elementor-element elementor-element-823c50f elementor-position-left elementor-vertical-align-middle elementor-position-left elementor-vertical-align-middle elementor-widget elementor-widget-image-box\" data-id=\"823c50f\" data-element_type=\"widget\" data-e-type=\"widget\" data-widget_type=\"image-box.default\">\n\t\t\t\t\t<div class=\"elementor-image-box-wrapper\"><figure class=\"elementor-image-box-img\"><img loading=\"lazy\" decoding=\"async\" width=\"498\" height=\"498\" src=\"https:\/\/www.tap360.com.co\/wp-content\/uploads\/2026\/01\/Icono_horasoperadas.webp\" class=\"attachment-full size-full wp-image-259187\" alt=\"\" srcset=\"https:\/\/www.tap360.com.co\/wp-content\/uploads\/2026\/01\/Icono_horasoperadas.webp 498w, https:\/\/www.tap360.com.co\/wp-content\/uploads\/2026\/01\/Icono_horasoperadas-300x300.webp 300w, https:\/\/www.tap360.com.co\/wp-content\/uploads\/2026\/01\/Icono_horasoperadas-150x150.webp 150w, https:\/\/www.tap360.com.co\/wp-content\/uploads\/2026\/01\/Icono_horasoperadas-12x12.webp 12w\" sizes=\"(max-width: 498px) 100vw, 498px\" \/><\/figure><div class=\"elementor-image-box-content\"><p class=\"elementor-image-box-description\"><b>Hours of operation<\/b> <br> 8:00 am a 6:00 pm<\/p><\/div><\/div>\t\t\t\t<\/div>\n\t\t\t\t<\/div>\n\t\t\t\t<\/div>\n\t\t<div class=\"elementor-element elementor-element-6c13f87 e-con-full e-flex e-con e-child\" data-id=\"6c13f87\" data-element_type=\"container\" data-e-type=\"container\" data-settings=\"{&quot;background_background&quot;:&quot;classic&quot;,&quot;_ha_eqh_enable&quot;:false}\">\n\t\t\t\t<div class=\"elementor-element elementor-element-99eb969 elementor-button-align-start elementor-widget elementor-widget-form\" data-id=\"99eb969\" data-element_type=\"widget\" data-e-type=\"widget\" data-settings=\"{&quot;step_next_label&quot;:&quot;Next&quot;,&quot;step_previous_label&quot;:&quot;Previous&quot;,&quot;button_width&quot;:&quot;100&quot;,&quot;step_type&quot;:&quot;number_text&quot;,&quot;step_icon_shape&quot;:&quot;circle&quot;}\" data-widget_type=\"form.default\">\n\t\t\t\t\t\t\t<form class=\"elementor-form\" method=\"post\" id=\"contacto\" name=\"contacto\" aria-label=\"contacto\" action=\"\">\n\t\t\t<input type=\"hidden\" name=\"post_id\" value=\"259025\"\/>\n\t\t\t<input type=\"hidden\" name=\"form_id\" value=\"99eb969\"\/>\n\t\t\t<input type=\"hidden\" name=\"referer_title\" value=\"\" \/>\n\n\t\t\t\n\t\t\t<div class=\"elementor-form-fields-wrapper elementor-labels-above\">\n\t\t\t\t\t\t\t\t<div class=\"elementor-field-type-text elementor-field-group elementor-column elementor-field-group-nombre elementor-col-100 elementor-field-required\">\n\t\t\t\t\t\t\t\t\t\t\t\t<label for=\"form-field-nombre\" class=\"elementor-field-label\">\n\t\t\t\t\t\t\t\tName\t\t\t\t\t\t\t<\/label>\n\t\t\t\t\t\t\t\t\t\t\t\t\t\t<input size=\"1\" type=\"text\" name=\"form_fields[nombre]\" id=\"form-field-nombre\" class=\"elementor-field elementor-size-xs  elementor-field-textual\" required=\"required\">\n\t\t\t\t\t\t\t\t\t\t\t<\/div>\n\t\t\t\t\t\t\t\t<div class=\"elementor-field-type-text elementor-field-group elementor-column elementor-field-group-tipo_documento elementor-col-50 elementor-field-required\">\n\t\t\t\t\t\t\t\t\t\t\t\t<label for=\"form-field-tipo_documento\" class=\"elementor-field-label\">\n\t\t\t\t\t\t\t\tType of document\t\t\t\t\t\t\t<\/label>\n\t\t\t\t\t\t\t\t\t\t\t\t\t\t<input size=\"1\" type=\"text\" name=\"form_fields[tipo_documento]\" id=\"form-field-tipo_documento\" class=\"elementor-field elementor-size-xs  elementor-field-textual\" required=\"required\">\n\t\t\t\t\t\t\t\t\t\t\t<\/div>\n\t\t\t\t\t\t\t\t<div class=\"elementor-field-type-number elementor-field-group elementor-column elementor-field-group-numero_documento elementor-col-50 elementor-field-required\">\n\t\t\t\t\t\t\t\t\t\t\t\t<label for=\"form-field-numero_documento\" class=\"elementor-field-label\">\n\t\t\t\t\t\t\t\tDocument number\t\t\t\t\t\t\t<\/label>\n\t\t\t\t\t\t\t\t\t<input type=\"number\" name=\"form_fields[numero_documento]\" id=\"form-field-numero_documento\" class=\"elementor-field elementor-size-xs  elementor-field-textual\" required=\"required\" min=\"\" max=\"\" >\n\t\t\t\t\t\t<\/div>\n\t\t\t\t\t\t\t\t<div class=\"elementor-field-type-email elementor-field-group elementor-column elementor-field-group-email elementor-col-50 elementor-field-required\">\n\t\t\t\t\t\t\t\t\t\t\t\t<label for=\"form-field-email\" class=\"elementor-field-label\">\n\t\t\t\t\t\t\t\tE-mail address\t\t\t\t\t\t\t<\/label>\n\t\t\t\t\t\t\t\t\t\t\t\t\t\t<input size=\"1\" type=\"email\" name=\"form_fields[email]\" id=\"form-field-email\" class=\"elementor-field elementor-size-xs  elementor-field-textual\" required=\"required\">\n\t\t\t\t\t\t\t\t\t\t\t<\/div>\n\t\t\t\t\t\t\t\t<div class=\"elementor-field-type-number elementor-field-group elementor-column elementor-field-group-telefono elementor-col-50 elementor-field-required\">\n\t\t\t\t\t\t\t\t\t\t\t\t<label for=\"form-field-telefono\" class=\"elementor-field-label\">\n\t\t\t\t\t\t\t\tPhone\t\t\t\t\t\t\t<\/label>\n\t\t\t\t\t\t\t\t\t<input type=\"number\" name=\"form_fields[telefono]\" id=\"form-field-telefono\" class=\"elementor-field elementor-size-xs  elementor-field-textual\" required=\"required\" min=\"\" max=\"\" >\n\t\t\t\t\t\t<\/div>\n\t\t\t\t\t\t\t\t<div class=\"elementor-field-type-text elementor-field-group elementor-column elementor-field-group-pais elementor-col-50 elementor-field-required\">\n\t\t\t\t\t\t\t\t\t\t\t\t<label for=\"form-field-pais\" class=\"elementor-field-label\">\n\t\t\t\t\t\t\t\tCountry\t\t\t\t\t\t\t<\/label>\n\t\t\t\t\t\t\t\t\t\t\t\t\t\t<input size=\"1\" type=\"text\" name=\"form_fields[pais]\" id=\"form-field-pais\" class=\"elementor-field elementor-size-xs  elementor-field-textual\" required=\"required\">\n\t\t\t\t\t\t\t\t\t\t\t<\/div>\n\t\t\t\t\t\t\t\t<div class=\"elementor-field-type-text elementor-field-group elementor-column elementor-field-group-ciudad elementor-col-50 elementor-field-required\">\n\t\t\t\t\t\t\t\t\t\t\t\t<label for=\"form-field-ciudad\" class=\"elementor-field-label\">\n\t\t\t\t\t\t\t\tCity of residence\t\t\t\t\t\t\t<\/label>\n\t\t\t\t\t\t\t\t\t\t\t\t\t\t<input size=\"1\" type=\"text\" name=\"form_fields[ciudad]\" id=\"form-field-ciudad\" class=\"elementor-field elementor-size-xs  elementor-field-textual\" required=\"required\">\n\t\t\t\t\t\t\t\t\t\t\t<\/div>\n\t\t\t\t\t\t\t\t<div class=\"elementor-field-type-textarea elementor-field-group elementor-column elementor-field-group-mensaje elementor-col-100 elementor-field-required\">\n\t\t\t\t\t\t\t\t\t\t\t\t<label for=\"form-field-mensaje\" class=\"elementor-field-label\">\n\t\t\t\t\t\t\t\tMessage\t\t\t\t\t\t\t<\/label>\n\t\t\t\t\t\t<textarea class=\"elementor-field-textual elementor-field  elementor-size-xs\" name=\"form_fields[mensaje]\" id=\"form-field-mensaje\" rows=\"8\" required=\"required\"><\/textarea>\t\t\t\t<\/div>\n\t\t\t\t\t\t\t\t<div class=\"elementor-field-type-acceptance elementor-field-group elementor-column elementor-field-group-field_b5eb4a2 elementor-col-100 elementor-field-required\">\n\t\t\t\t\t\t\t<div class=\"elementor-field-subgroup\">\n\t\t\t<span class=\"elementor-field-option\">\n\t\t\t\t<input type=\"checkbox\" name=\"form_fields[field_b5eb4a2]\" id=\"form-field-field_b5eb4a2\" class=\"elementor-field elementor-size-xs  elementor-acceptance-field\" required=\"required\">\n\t\t\t\t<label for=\"form-field-field_b5eb4a2\" class=\"translation-block\">Authorization for data processing<\/label>\t\t\t<\/span>\n\t\t<\/div>\n\t\t\t\t\t\t<\/div>\n\t\t\t\t\t\t\t\t<div class=\"elementor-field-group elementor-column elementor-field-type-submit elementor-col-100 e-form__buttons\">\n\t\t\t\t\t<button class=\"elementor-button elementor-size-xs\" type=\"submit\">\n\t\t\t\t\t\t<span class=\"elementor-button-content-wrapper\">\n\t\t\t\t\t\t\t\t\t\t\t\t\t\t\t\t\t\t\t\t\t\t<span class=\"elementor-button-text\">Send to<\/span>\n\t\t\t\t\t\t\t\t\t\t\t\t\t<\/span>\n\t\t\t\t\t<\/button>\n\t\t\t\t<\/div>\n\t\t\t<\/div>\n\t\t<input type=\"hidden\" name=\"trp-form-language\" value=\"en\"\/><\/form>\n\t\t\t\t\t\t<\/div>\n\t\t\t\t<\/div>\n\t\t\t\t<\/div>\n\t\t\t\t<\/div>\n\t\t\t\t<\/div>","protected":false},"excerpt":{"rendered":"<p>Contacto Hablemos sobre acompa\u00f1amiento empresarial En TAP 360 estamos listos para acompa\u00f1ar a tu empresa con soluciones contables, financieras, tributarias y de n\u00f3mina, dise\u00f1adas para fortalecer tus procesos y aportar informaci\u00f3n confiable para la toma de decisiones. D\u00e9janos tus datos y uno de nuestros consultores se pondr\u00e1 en contacto contigo para entender tus necesidades y [&hellip;]<\/p>","protected":false},"author":1,"featured_media":0,"parent":0,"menu_order":0,"comment_status":"closed","ping_status":"closed","template":"","meta":{"footnotes":""},"class_list":["post-259025","page","type-page","status-publish","hentry"],"_links":{"self":[{"href":"https:\/\/www.tap360.com.co\/en\/wp-json\/wp\/v2\/pages\/259025","targetHints":{"allow":["GET"]}}],"collection":[{"href":"https:\/\/www.tap360.com.co\/en\/wp-json\/wp\/v2\/pages"}],"about":[{"href":"https:\/\/www.tap360.com.co\/en\/wp-json\/wp\/v2\/types\/page"}],"author":[{"embeddable":true,"href":"https:\/\/www.tap360.com.co\/en\/wp-json\/wp\/v2\/users\/1"}],"replies":[{"embeddable":true,"href":"https:\/\/www.tap360.com.co\/en\/wp-json\/wp\/v2\/comments?post=259025"}],"version-history":[{"count":297,"href":"https:\/\/www.tap360.com.co\/en\/wp-json\/wp\/v2\/pages\/259025\/revisions"}],"predecessor-version":[{"id":262432,"href":"https:\/\/www.tap360.com.co\/en\/wp-json\/wp\/v2\/pages\/259025\/revisions\/262432"}],"wp:attachment":[{"href":"https:\/\/www.tap360.com.co\/en\/wp-json\/wp\/v2\/media?parent=259025"}],"curies":[{"name":"wp","href":"https:\/\/api.w.org\/{rel}","templated":true}]}}